{"id":8930,"date":"2025-05-02T07:50:35","date_gmt":"2025-05-02T07:50:35","guid":{"rendered":"https:\/\/restaurantetacospatron.com\/?page_id=8930"},"modified":"2025-05-02T08:55:09","modified_gmt":"2025-05-02T08:55:09","slug":"politica-de-cookies","status":"publish","type":"page","link":"https:\/\/restaurantetacospatron.com\/en\/politica-de-cookies\/","title":{"rendered":"Pol\u00edtica de cookies"},"content":{"rendered":"<p>[et_pb_section fb_built=\u00bb1&#8243; _builder_version=\u00bb4.27.4&#8243; _module_preset=\u00bbdefault\u00bb global_colors_info=\u00bb{}\u00bb][et_pb_row _builder_version=\u00bb4.27.4&#8243; _module_preset=\u00bbdefault\u00bb global_colors_info=\u00bb{}\u00bb][et_pb_column type=\u00bb4_4&#8243; _builder_version=\u00bb4.27.4&#8243; _module_preset=\u00bbdefault\u00bb global_colors_info=\u00bb{}\u00bb][et_pb_text _builder_version=\u00bb4.27.4&#8243; _module_preset=\u00bbdefault\u00bb global_colors_info=\u00bb{}\u00bb]<\/p>\n<h1><span style=\"font-weight: 400;\">Pol\u00edtica de cookies<\/span><\/h1>\n<p><b>POL\u00cdTICA DE COOKIES<\/b><b><br \/><\/b><span style=\"font-weight: 400;\">Conforme a lo dispuesto en el art\u00edculo 22.2 de la Ley 34\/2002, de 11 de julio, de Servicios de la Sociedad de la<\/span><span style=\"font-weight: 400;\"><br \/><\/span><span style=\"font-weight: 400;\">Informaci\u00f3n y de Comercio Electr\u00f3nico (LSSI-CE) vigente, SIVINA FOOD S.L. debe cumplir con la obligaci\u00f3n de<\/span><span style=\"font-weight: 400;\"><br \/><\/span><span style=\"font-weight: 400;\">informar sobre las cookies que utiliza y sus finalidades.<\/span><\/p>\n<p><span style=\"font-weight: 400;\"><br \/><\/span><span style=\"font-weight: 400;\">Este sitio web utiliza cookies y\/o tecnolog\u00edas similares que almacenan y recuperan informaci\u00f3n cuando navegas.<\/span><span style=\"font-weight: 400;\"><br \/><\/span><span style=\"font-weight: 400;\">Una Cookie es un fichero que se descarga en su ordenador al acceder a determinadas p\u00e1ginas web. Las cookies<\/span><span style=\"font-weight: 400;\"><br \/><\/span><span style=\"font-weight: 400;\">permiten a una p\u00e1gina web, entre otras cosas, almacenar y recuperar informaci\u00f3n sobre los h\u00e1bitos de<\/span><span style=\"font-weight: 400;\"><br \/><\/span><span style=\"font-weight: 400;\">navegaci\u00f3n de un Usuario o de su equipo y, dependiendo de la informaci\u00f3n que contenga y de la forma en que<\/span><span style=\"font-weight: 400;\"><br \/><\/span><span style=\"font-weight: 400;\">utilice su equipo, pueden utilizarse para reconocer al Usuario.<\/span><\/p>\n<p><span style=\"font-weight: 400;\"><br \/><\/span><span style=\"font-weight: 400;\">Las cookies son esenciales para el funcionamiento de internet, aportando innumerables ventajas en la prestaci\u00f3n<\/span><span style=\"font-weight: 400;\"><br \/><\/span><span style=\"font-weight: 400;\">de servicios interactivos, facilit\u00e1ndole al Usuario la navegaci\u00f3n y usabilidad de nuestra web.<\/span><\/p>\n<p><span style=\"font-weight: 400;\"><br \/><\/span><span style=\"font-weight: 400;\">La informaci\u00f3n que le proporcionamos a continuaci\u00f3n, le ayudar\u00e1 a comprender los diferentes tipos de cookies:<\/span><\/p>\n<p><span style=\"font-weight: 400;\">TIPOS DE COOKIES<\/span><\/p>\n<p><span style=\"font-weight: 400;\">SEG\u00daN LA ENTIDAD QUE LAS GESTIONE<\/span><\/p>\n<p><span style=\"font-weight: 400;\">COOKIES PROPIAS<\/span><\/p>\n<p><span style=\"font-weight: 400;\">Son aquellas que se env\u00edan al equipo terminal del usuario desde un equipo o dominio gestionado por el propio editor y desde el que se presta el servicio solicitado por el usuario<\/span><\/p>\n<p><span style=\"font-weight: 400;\">COOKIES DE TERCERO<\/span><\/p>\n<p><span style=\"font-weight: 400;\">Son aquellas que se env\u00edan al equipo terminal del usuario desde un equipo o dominio que no es gestionado por el editor, sino por otra entidad que trata los datos obtenidos a trav\u00e9s de las cookies.<\/span><\/p>\n<p><span style=\"font-weight: 400;\">SEG\u00daN EL PLAZO DE TIEMPO QUE PERMANEZCAN ACTIVADAS<\/span><\/p>\n<p><span style=\"font-weight: 400;\">COOKIES DE SESI\u00d3N<\/span><\/p>\n<p><span style=\"font-weight: 400;\">Son aquellas dise\u00f1adas para recabar y almacenar datos mientras el usuario accede a una p\u00e1gina web. Se suelen emplear para almacenar informaci\u00f3n que solo interesa conservar para la prestaci\u00f3n del servicio solicitado por el usuario en una sola ocasi\u00f3n (por ejemplo, una lista de productos adquiridos) y desaparecen al terminar la sesi\u00f3n<\/span><\/p>\n<p><span style=\"font-weight: 400;\">COOKIES PERSISTENTES<\/span><\/p>\n<p><span style=\"font-weight: 400;\">Son aquellas en las que los datos siguen almacenados en el terminal y pueden ser accedidos y tratados durante un periodo definido por el responsable de la cookie, y que puede ir de unos minutos a varios a\u00f1os.<\/span><\/p>\n<p><span style=\"font-weight: 400;\">SEG\u00daN SU FINALIDAD<\/span><\/p>\n<p><span style=\"font-weight: 400;\">COOKIES T\u00c9CNICAS<\/span><\/p>\n<p><span style=\"font-weight: 400;\">Son aquellas que permiten al usuario la navegaci\u00f3n a trav\u00e9s de una p\u00e1gina web, plataforma o aplicaci\u00f3n y la utilizaci\u00f3n de las diferentes opciones o servicios que en ella existan<\/span><\/p>\n<p><span style=\"font-weight: 400;\">COOKIES DE PERSONALIZACI\u00d3N<\/span><\/p>\n<p><span style=\"font-weight: 400;\">Permiten aplicar caracter\u00edsticas propias para la navegaci\u00f3n del usuario por el website (Ej. idioma).<\/span><\/p>\n<p><span style=\"font-weight: 400;\">COOKIES DE AN\u00c1LISIS<\/span><\/p>\n<p><span style=\"font-weight: 400;\">Son aquellas que permiten al responsable de las mismas el seguimiento y an\u00e1lisis del comportamiento de los usuarios de los sitios web a los que est\u00e1n vinculadas, incluida la cuantificaci\u00f3n de los impactos de los anuncios. La informaci\u00f3n recogida mediante este tipo de cookies se utiliza en la medici\u00f3n de la actividad de los sitios web, aplicaci\u00f3n o plataforma, con el fin de introducir mejoras en funci\u00f3n del an\u00e1lisis de los datos de uso que hacen los usuarios del servicio.<\/span><\/p>\n<p><span style=\"font-weight: 400;\">COOKIES PUBLICITARIAS<\/span><\/p>\n<p><span style=\"font-weight: 400;\">Permiten al editor incluir en la p\u00e1gina web espacios publicitarios, seg\u00fan el contenido de la propia web.<\/span><\/p>\n<p><span style=\"font-weight: 400;\">COOKIES DE PUBLICIDAD COMPORTAMENTAL<\/span><\/p>\n<p><span style=\"font-weight: 400;\">Son aquellas que almacenan informaci\u00f3n del comportamiento de los usuarios obtenida a trav\u00e9s de la observaci\u00f3n continuada de sus h\u00e1bitos de navegaci\u00f3n, lo que permite desarrollar un perfil espec\u00edfico para mostrar publicidad en funci\u00f3n del<\/span><span style=\"font-weight: 400;\"><br \/><\/span><span style=\"font-weight: 400;\">mismo.<\/span><\/p>\n<p><span style=\"font-weight: 400;\">Adicionalmente, SIVINA FOOD S.L. informa de manera m\u00e1s detallada de las cookies que utiliza sus titulares, el<\/span><span style=\"font-weight: 400;\"><br \/><\/span><span style=\"font-weight: 400;\">uso o finalidad concreta, los plazos de conservaci\u00f3n as\u00ed como de las Transferencias Internacionales de datos de<\/span><span style=\"font-weight: 400;\"><br \/><\/span><span style=\"font-weight: 400;\">cada una de ellas utilizadas en nuestra p\u00e1gina web:<\/span><\/p>\n<table>\n<tbody>\n<tr>\n<td><\/td>\n<td>\n<p><span style=\"font-weight: 400;\">TITULAR<\/span><\/p>\n<\/td>\n<td>\n<p><span style=\"font-weight: 400;\">COOKIE<\/span><\/p>\n<\/td>\n<td>\n<p><span style=\"font-weight: 400;\">FINALIDAD<\/span><\/p>\n<\/td>\n<td>\n<p><span style=\"font-weight: 400;\">CONSERVACI\u00d3N<\/span><\/p>\n<\/td>\n<\/tr>\n<tr>\n<td>\n<p><span style=\"font-weight: 400;\">T\u00e9cnicas<\/span><\/p>\n<\/td>\n<td>\n<p><span style=\"font-weight: 400;\">Complianze<\/span><\/p>\n<\/td>\n<td>\n<p><span style=\"font-weight: 400;\">cmplz_banner-status<\/span><\/p>\n<p><span style=\"font-weight: 400;\">cmplz_consented_services<\/span><\/p>\n<p><span style=\"font-weight: 400;\">cmplz_functional<\/span><\/p>\n<p><span style=\"font-weight: 400;\">cmplz_marketing<\/span><\/p>\n<p><span style=\"font-weight: 400;\">cmplz_policy_id<\/span><\/p>\n<p><span style=\"font-weight: 400;\">cmplz_preferences<\/span><\/p>\n<p><span style=\"font-weight: 400;\">cmplz_statistics<\/span><\/p>\n<\/td>\n<td>\n<p><span style=\"font-weight: 400;\">Controlar la aprobaci\u00f3n de cookies<\/span><\/p>\n<\/td>\n<td>\n<p><span style=\"font-weight: 400;\">1 a\u00f1o<\/span><\/p>\n<\/td>\n<\/tr>\n<tr>\n<td>\n<p><span style=\"font-weight: 400;\">An\u00e1lisis<\/span><\/p>\n<\/td>\n<td>\n<p><span style=\"font-weight: 400;\">Google Analytics<\/span><\/p>\n<\/td>\n<td>\n<p><span style=\"font-weight: 400;\">_ga<\/span><\/p>\n<\/td>\n<td>\n<p><span style=\"font-weight: 400;\">Se usa para distinguir a los usuarios.<\/span><\/p>\n<\/td>\n<td>\n<p><span style=\"font-weight: 400;\">2 a\u00f1os<\/span><\/p>\n<\/td>\n<\/tr>\n<tr>\n<td>\n<p><span style=\"font-weight: 400;\">An\u00e1lisis<\/span><\/p>\n<\/td>\n<td>\n<p><span style=\"font-weight: 400;\">Google Analytics<\/span><\/p>\n<\/td>\n<td>\n<p><span style=\"font-weight: 400;\">_ga_*<\/span><\/p>\n<\/td>\n<td>\n<p><span style=\"font-weight: 400;\">Se usa para mantener el estado de la sesi\u00f3n.<\/span><\/p>\n<\/td>\n<td>\n<p><span style=\"font-weight: 400;\">2 a\u00f1os<\/span><\/p>\n<\/td>\n<\/tr>\n<tr>\n<td>\n<p><span style=\"font-weight: 400;\">An\u00e1lisis<\/span><\/p>\n<\/td>\n<td>\n<p><span style=\"font-weight: 400;\">Pixelyoursite<\/span><\/p>\n<\/td>\n<td>\n<p><span style=\"font-weight: 400;\">last_pys_landing_page<\/span><\/p>\n<p><span style=\"font-weight: 400;\">last_pysTrafficSource<\/span><\/p>\n<p><span style=\"font-weight: 400;\">pys_first_visit<\/span><\/p>\n<p><span style=\"font-weight: 400;\">pys_landing_page<\/span><\/p>\n<p><span style=\"font-weight: 400;\">pys_session_limit<\/span><\/p>\n<p><span style=\"font-weight: 400;\">pys_start_session<\/span><\/p>\n<p><span style=\"font-weight: 400;\">pys_utm_source<\/span><\/p>\n<p><span style=\"font-weight: 400;\">pysTrafficSource<\/span><\/p>\n<\/td>\n<td>\n<p><span style=\"font-weight: 400;\">Cookies an\u00f3nimas utilizadas para facilitar el complemento \u2018PixelYourSite\u2019 que gestiona nuestros servicios anal\u00edticos para el an\u00e1lisis de datos en Facebook<\/span><\/p>\n<\/td>\n<td>\n<p><span style=\"font-weight: 400;\">2 a\u00f1os<\/span><\/p>\n<\/td>\n<\/tr>\n<tr>\n<td>\n<p><span style=\"font-weight: 400;\">An\u00e1lisis<\/span><\/p>\n<\/td>\n<td>\n<p><span style=\"font-weight: 400;\">Facebook<\/span><\/p>\n<\/td>\n<td>\n<p><span style=\"font-weight: 400;\">_fbp<\/span><\/p>\n<\/td>\n<td>\n<p><span style=\"font-weight: 400;\">Cookie de Facebook utilizada para recoger estad\u00edsticas sobre las visitas al sitio y el rendimiento de las campa\u00f1as publicitarias<\/span><\/p>\n<\/td>\n<td>\n<p><span style=\"font-weight: 400;\">90 d\u00edas<\/span><\/p>\n<\/td>\n<\/tr>\n<tr>\n<td>\n<p><span style=\"font-weight: 400;\">Publicidad\/Publicidad comportamental<\/span><\/p>\n<\/td>\n<td>\n<p><span style=\"font-weight: 400;\">Google Ads<\/span><\/p>\n<\/td>\n<td>\n<p><span style=\"font-weight: 400;\">DSID<\/span><\/p>\n<\/td>\n<td>\n<p><span style=\"font-weight: 400;\">El uso de la cookie de DoubleClick permite a Google y a sus socios publicar anuncios basados en las visitas que los usuarios realizan en sus sitios o en otros sitios de Internet.<\/span><\/p>\n<\/td>\n<td>\n<p><span style=\"font-weight: 400;\">14 d\u00edas<\/span><\/p>\n<\/td>\n<\/tr>\n<\/tbody>\n<\/table>\n<p><span style=\"font-weight: 400;\">T\u00e9ngase en cuenta que, si acepta las cookies de terceros, deber\u00e1 eliminarlas desde las opciones del navegador<\/span><span style=\"font-weight: 400;\"><br \/><\/span><span style=\"font-weight: 400;\">o desde el sistema ofrecido por el propio tercero.<\/span><\/p>\n<p><span style=\"font-weight: 400;\"><br \/><\/span><span style=\"font-weight: 400;\">A continuaci\u00f3n le proporcionamos los enlaces de diversos navegadores, a trav\u00e9s de los cuales podr\u00e1 modificar la<\/span><span style=\"font-weight: 400;\"><br \/><\/span><span style=\"font-weight: 400;\">configuraci\u00f3n de su navegador sobre el uso de cookies:<\/span><\/p>\n<p><span style=\"font-weight: 400;\">\u25aa Firefox desde aqu\u00ed: http:\/\/support.mozilla.org\/es\/kb\/habilitar-y-deshabilitar-cookies-que-los-sitios-we<\/span><span style=\"font-weight: 400;\"><br \/><\/span><span style=\"font-weight: 400;\"><br \/><\/span><span style=\"font-weight: 400;\">\u25aa Chrome desde aqu\u00ed: http:\/\/support.google.com\/chrome\/bin\/answer.py?hl=es&amp;answer=95647<\/span><\/p>\n<p><span style=\"font-weight: 400;\">\u25aa Explorer desde aqu\u00ed: http:\/\/windows.microsoft.com\/es-es\/internet-explorer\/delete-manage-<\/span><span style=\"font-weight: 400;\"><br \/><\/span><span style=\"font-weight: 400;\">cookies#ie=ie-10<\/span><\/p>\n<p><span style=\"font-weight: 400;\">\u25aa Safari desde aqu\u00ed: https:\/\/support.apple.com\/kb\/ph17191?locale=es_ES<\/span><span style=\"font-weight: 400;\"><br \/><\/span><span style=\"font-weight: 400;\"><br \/><\/span><span style=\"font-weight: 400;\">\u25aa Opera desde aqu\u00ed: https:\/\/help.opera.com\/en\/latest\/web-preferences\/#cookies<\/span><\/p>\n<p><span style=\"font-weight: 400;\">Para conocer m\u00e1s informaci\u00f3n sobre el tratamiento de datos personales, le recomendamos visitar nuestro<\/span><span style=\"font-weight: 400;\"><br \/><\/span><span style=\"font-weight: 400;\">apartado \u201c<\/span><a href=\"https:\/\/surmasterprojects.com\/politica-de-privacidad-y-aviso-legal\/\"><span style=\"font-weight: 400;\">Pol\u00edtica de Privacidad<\/span><\/a><span style=\"font-weight: 400;\">\u201d.<\/span><\/p>\n<p>&nbsp;<\/p>\n<p>[\/et_pb_text][\/et_pb_column][\/et_pb_row][\/et_pb_section]<\/p>\n","protected":false},"excerpt":{"rendered":"<p>Pol\u00edtica de cookies POL\u00cdTICA DE COOKIESConforme a lo dispuesto en el art\u00edculo 22.2 de la Ley 34\/2002, de 11 de julio, de Servicios de la Sociedad de laInformaci\u00f3n y de Comercio Electr\u00f3nico (LSSI-CE) vigente, SIVINA FOOD S.L. debe cumplir con la obligaci\u00f3n deinformar sobre las cookies que utiliza y sus finalidades. Este sitio web utiliza [&hellip;]<\/p>\n","protected":false},"author":2,"featured_media":0,"parent":0,"menu_order":0,"comment_status":"closed","ping_status":"closed","template":"","meta":{"_et_pb_use_builder":"on","_et_pb_old_content":"","_et_gb_content_width":"","footnotes":""},"class_list":["post-8930","page","type-page","status-publish","hentry"],"yoast_head":"<!-- This site is optimized with the Yoast SEO plugin v27.4 - https:\/\/yoast.com\/product\/yoast-seo-wordpress\/ -->\n<title>Restaurante Tacos Patr&oacute;n<\/title>\n<meta name=\"robots\" content=\"noindex, follow\" \/>\n<meta property=\"og:locale\" content=\"en_GB\" \/>\n<meta property=\"og:type\" content=\"article\" \/>\n<meta property=\"og:description\" content=\"Pol\u00edtica de cookies POL\u00cdTICA DE COOKIESConforme a lo dispuesto en el art\u00edculo 22.2 de la Ley 34\/2002, de 11 de julio, de Servicios de la Sociedad de laInformaci\u00f3n y de Comercio Electr\u00f3nico (LSSI-CE) vigente, SIVINA FOOD S.L. debe cumplir con la obligaci\u00f3n deinformar sobre las cookies que utiliza y sus finalidades. Este sitio web utiliza [&hellip;]\" \/>\n<meta property=\"og:url\" content=\"https:\/\/restaurantetacospatron.com\/en\/politica-de-cookies\/\" \/>\n<meta property=\"og:site_name\" content=\"Restaurante Tacos Patr&oacute;n\" \/>\n<meta property=\"article:modified_time\" content=\"2025-05-02T08:55:09+00:00\" \/>\n<meta name=\"twitter:card\" content=\"summary_large_image\" \/>\n<meta name=\"twitter:label1\" content=\"Estimated reading time\" \/>\n\t<meta name=\"twitter:data1\" content=\"4 minutes\" \/>\n<script type=\"application\/ld+json\" class=\"yoast-schema-graph\">{\"@context\":\"https:\\\/\\\/schema.org\",\"@graph\":[{\"@type\":\"WebPage\",\"@id\":\"https:\\\/\\\/restaurantetacospatron.com\\\/politica-de-cookies\\\/\",\"url\":\"https:\\\/\\\/restaurantetacospatron.com\\\/politica-de-cookies\\\/\",\"name\":\"\",\"isPartOf\":{\"@id\":\"https:\\\/\\\/restaurantetacospatron.com\\\/#website\"},\"datePublished\":\"2025-05-02T07:50:35+00:00\",\"dateModified\":\"2025-05-02T08:55:09+00:00\",\"breadcrumb\":{\"@id\":\"https:\\\/\\\/restaurantetacospatron.com\\\/politica-de-cookies\\\/#breadcrumb\"},\"inLanguage\":\"en-GB\",\"potentialAction\":[{\"@type\":\"ReadAction\",\"target\":[\"https:\\\/\\\/restaurantetacospatron.com\\\/politica-de-cookies\\\/\"]}]},{\"@type\":\"BreadcrumbList\",\"@id\":\"https:\\\/\\\/restaurantetacospatron.com\\\/politica-de-cookies\\\/#breadcrumb\",\"itemListElement\":[{\"@type\":\"ListItem\",\"position\":1,\"name\":\"Home\",\"item\":\"https:\\\/\\\/restaurantetacospatron.com\\\/\"},{\"@type\":\"ListItem\",\"position\":2,\"name\":\"Pol\u00edtica de cookies\"}]},{\"@type\":\"WebSite\",\"@id\":\"https:\\\/\\\/restaurantetacospatron.com\\\/#website\",\"url\":\"https:\\\/\\\/restaurantetacospatron.com\\\/\",\"name\":\"Restaurante Tacos Patr\u00f3n\",\"description\":\"Restaurante Mexicano en Cala d'Or\",\"potentialAction\":[{\"@type\":\"SearchAction\",\"target\":{\"@type\":\"EntryPoint\",\"urlTemplate\":\"https:\\\/\\\/restaurantetacospatron.com\\\/?s={search_term_string}\"},\"query-input\":{\"@type\":\"PropertyValueSpecification\",\"valueRequired\":true,\"valueName\":\"search_term_string\"}}],\"inLanguage\":\"en-GB\"}]}<\/script>\n<!-- \/ Yoast SEO plugin. -->","yoast_head_json":{"title":"Restaurante Tacos Patr&oacute;n","robots":{"index":"noindex","follow":"follow"},"og_locale":"en_GB","og_type":"article","og_description":"Pol\u00edtica de cookies POL\u00cdTICA DE COOKIESConforme a lo dispuesto en el art\u00edculo 22.2 de la Ley 34\/2002, de 11 de julio, de Servicios de la Sociedad de laInformaci\u00f3n y de Comercio Electr\u00f3nico (LSSI-CE) vigente, SIVINA FOOD S.L. debe cumplir con la obligaci\u00f3n deinformar sobre las cookies que utiliza y sus finalidades. Este sitio web utiliza [&hellip;]","og_url":"https:\/\/restaurantetacospatron.com\/en\/politica-de-cookies\/","og_site_name":"Restaurante Tacos Patr&oacute;n","article_modified_time":"2025-05-02T08:55:09+00:00","twitter_card":"summary_large_image","twitter_misc":{"Estimated reading time":"4 minutes"},"schema":{"@context":"https:\/\/schema.org","@graph":[{"@type":"WebPage","@id":"https:\/\/restaurantetacospatron.com\/politica-de-cookies\/","url":"https:\/\/restaurantetacospatron.com\/politica-de-cookies\/","name":"","isPartOf":{"@id":"https:\/\/restaurantetacospatron.com\/#website"},"datePublished":"2025-05-02T07:50:35+00:00","dateModified":"2025-05-02T08:55:09+00:00","breadcrumb":{"@id":"https:\/\/restaurantetacospatron.com\/politica-de-cookies\/#breadcrumb"},"inLanguage":"en-GB","potentialAction":[{"@type":"ReadAction","target":["https:\/\/restaurantetacospatron.com\/politica-de-cookies\/"]}]},{"@type":"BreadcrumbList","@id":"https:\/\/restaurantetacospatron.com\/politica-de-cookies\/#breadcrumb","itemListElement":[{"@type":"ListItem","position":1,"name":"Home","item":"https:\/\/restaurantetacospatron.com\/"},{"@type":"ListItem","position":2,"name":"Pol\u00edtica de cookies"}]},{"@type":"WebSite","@id":"https:\/\/restaurantetacospatron.com\/#website","url":"https:\/\/restaurantetacospatron.com\/","name":"Restaurante Tacos Patr\u00f3n","description":"Restaurante Mexicano en Cala d'Or","potentialAction":[{"@type":"SearchAction","target":{"@type":"EntryPoint","urlTemplate":"https:\/\/restaurantetacospatron.com\/?s={search_term_string}"},"query-input":{"@type":"PropertyValueSpecification","valueRequired":true,"valueName":"search_term_string"}}],"inLanguage":"en-GB"}]}},"_links":{"self":[{"href":"https:\/\/restaurantetacospatron.com\/en\/wp-json\/wp\/v2\/pages\/8930","targetHints":{"allow":["GET"]}}],"collection":[{"href":"https:\/\/restaurantetacospatron.com\/en\/wp-json\/wp\/v2\/pages"}],"about":[{"href":"https:\/\/restaurantetacospatron.com\/en\/wp-json\/wp\/v2\/types\/page"}],"author":[{"embeddable":true,"href":"https:\/\/restaurantetacospatron.com\/en\/wp-json\/wp\/v2\/users\/2"}],"replies":[{"embeddable":true,"href":"https:\/\/restaurantetacospatron.com\/en\/wp-json\/wp\/v2\/comments?post=8930"}],"version-history":[{"count":4,"href":"https:\/\/restaurantetacospatron.com\/en\/wp-json\/wp\/v2\/pages\/8930\/revisions"}],"predecessor-version":[{"id":8945,"href":"https:\/\/restaurantetacospatron.com\/en\/wp-json\/wp\/v2\/pages\/8930\/revisions\/8945"}],"wp:attachment":[{"href":"https:\/\/restaurantetacospatron.com\/en\/wp-json\/wp\/v2\/media?parent=8930"}],"curies":[{"name":"wp","href":"https:\/\/api.w.org\/{rel}","templated":true}]}}